{"id":1096,"date":"2021-12-13T14:11:42","date_gmt":"2021-12-13T14:11:42","guid":{"rendered":"http:\/\/www.rechtpraktisch.com\/?page_id=1096"},"modified":"2025-10-20T10:05:04","modified_gmt":"2025-10-20T10:05:04","slug":"alle-referenten","status":"publish","type":"page","link":"https:\/\/www.rechtpraktisch.com\/?page_id=1096","title":{"rendered":"Alle Referenten"},"content":{"rendered":"<h1>Alle Referierende<\/h1>\n<div>\n<p>        <img src=\"\/wp-content\/uploads\/P_Tillmanns.jpg\" alt=\"\"><\/p>\n<div>\n<p><strong>Herr Christoph Tillmanns<\/strong><\/p>\n<ul>\n<li>Vorsitzender Richter am Landesarbeitsgericht Baden-W\u00fcrttemberg<\/li>\n<li>bis 2005 Richter am Arbeitsgericht Freiburg.<\/li>\n<li>Vorsitzender des Bundes der Richterinnen und Richter der Arbeitsgerichtsbarkeit seit 2015.<\/li>\n<\/ul>\n<\/div>\n<\/div>\n<hr>\n<div>\n<p>        <img src=\"\/wp-content\/uploads\/P_Dmeiri.jpg\" alt=\"\"><\/p>\n<div>\n<p><strong>Nico Dmeiri<\/p>\n<p>Agentur f\u00fcr Arbeit<\/strong><\/p>\n<ul>\n<li>Teamleiter Arbeitgeberservice<br \/>Agentur f\u00fcr Arbeit<\/li>\n<\/ul>\n<\/div>\n<\/div>\n<hr>\n<div>\n<p>        <img src=\"\/wp-content\/uploads\/P_Kazankaya.jpg\" alt=\"\"><\/p>\n<div>\n<p><strong>Herr Tamer Kazankaya<\/strong><\/p>\n<ul>\n<li>freigestellter Betriebsrat<br \/>\nbei Rolls-Royce<br \/>\nPower Systems AG<\/li>\n<li>Vorsitzende Arbeitszeit<br \/>\nund Entgeltausschuss<\/li>\n<\/ul>\n<\/div>\n<\/div>\n<hr>\n<div>\n<p>        <img src=\"\/wp-content\/uploads\/P_Rankel.jpg\" alt=\"\"><\/p>\n<div>\n<p><strong>Frau Claudia<br \/>\nRankel<\/strong><\/p>\n<ul>\n<li>Gewerkschaftssekret\u00e4rin der IG Metall Friedrichshafen\n<\/li>\n<li>ehem. Betriebsr\u00e4tin bei Rolls-Royce Power Systems AG\n<\/li>\n<li>Mitglied im Aufsichtsrat bei der MTU Solutions GmbH<\/li>\n<\/ul>\n<\/div>\n<\/div>\n<hr>\n<div>\n<p>        <img src=\"\/wp-content\/uploads\/P_lubecki.jpg\" alt=\"\"><\/p>\n<div>\n<p><strong>Herr Tim<br \/>\nLubecki<\/strong><\/p>\n<ul>\n<li>Leiter der Tarifabteilung\n<\/li>\n<li>\nGewerkschaft Nahrung-Genuss-Gastst\u00e4tten\n<\/li>\n<li>\nNGG-Hauptverwaltung in Hamburg<\/li>\n<\/ul>\n<\/div>\n<\/div>\n<hr>\n<div>\n<p>        <img src=\"\/wp-content\/uploads\/Dr_Gulmo.jpg\" alt=\"\"><\/p>\n<div>\n<p><strong>Dr. Norbert Gulmo<\/strong><\/p>\n<ul>\n<li>Diplom-Psychologe mit Schwerpunkt Arbeits- und Organisationspsychologie<\/li>\n<li>Dissertation zum Thema &#8222;Stress und psychische Belastungen am Arbeitsplatz&#8220;<\/li>\n<li>Fachkraft f\u00fcr Arbeitssicherheit<\/li>\n<li>Trainer f\u00fcr Stresspr\u00e4vention<\/li>\n<li>Institutsleiter des Forschungs- und Beratungsinstituts GULMO mit Schwerpunkt Durchf\u00fchrung von Gef\u00e4hrdungsbeurteilungen<\/li>\n<li>Freiberuflicher Berater und Referent rund um das Thema betrieblicher Arbeits- und Gesundheitsschutz<\/li>\n<\/ul>\n<\/div>\n<\/div>\n<hr>\n<div>\n<p>        <img src=\"\/wp-content\/uploads\/P_Treber.jpg\" alt=\"\"><\/p>\n<div>\n<p><strong>Herr Prof. Dr. Treber<\/strong><br \/>Vorsitzender des 4. Senats; Tarifrecht \/ Eingruppierung<\/p>\n<ul>\n<li>Studium der Rechtswissenschaft in Mainz<\/li>\n<li>1995 Promotion: Aktiv produktionsbehindernde Ma\u00dfnahmen: Zur Zul\u00e4ssigkeit von Betriebsbesetzungen und Betriebsblockaden unter Ber\u00fccksichtigung des Funktionzusammenhangs von Privatautonomie, Tarifautonomie und Arbeitskampfrecht.<\/li>\n<li>2008 Richter am BAG<\/li>\n<li>2018 Honorarprofessor Uni Trier<\/li>\n<li>2018 Vorsitzende Richter am BAG<\/li>\n<\/ul>\n<\/div>\n<\/div>\n<hr>\n<div>\n<p>        <img src=\"\/wp-content\/uploads\/P_Trondorf.jpg\" alt=\"\"><\/p>\n<div>\n<p><strong>Frau Dr. Tondorf<\/strong><br \/>Diplom-Soziologin<\/p>\n<ul>\n<li>1993 Promotion: Modernisierung industrieller Entlohnung<\/li>\n<li>1989 \u2013 1994 Wissenschaftliche Mitarbeiterin an der Freien Universit\u00e4t Berlin<\/li>\n<li>1994 \u2013 1996 Wissenschaftliche Mitarbeiterin am Wissenschaftszentrum Berlin<\/li>\n<li>seit 1996 freiberufliche Wissenschaftlerin und Beraterin<\/li>\n<\/ul>\n<\/div>\n<\/div>\n<hr>\n<div>\n<p>        <img src=\"\/wp-content\/uploads\/P_Rennpferdt.jpg\" alt=\"\"><\/p>\n<div>\n<p><strong>Frau Dr. Maren Rennpferdt<br \/><\/strong>Richterin im 7. Senat des Bundesarbeitsgerichts<\/p>\n<\/div>\n<\/div>\n<hr>\n<div>\n<p>        <img src=\"\/wp-content\/uploads\/portrait-tschan-1.jpg\" alt=\"\"><\/p>\n<div>\n<p><strong>Lilian Tschan<br \/><\/strong>Staatssekret\u00e4rin im Bundesministerium f\u00fcr Arbeit und Soziales, Berlin<\/p>\n<ul>\n<li class=\"list-item\">Seit Februar 2022 Staatssekret\u00e4rin im Bundesministerium f\u00fcr Arbeit und Soziales<\/li>\n<li class=\"list-item\">2018 bis 2022 Leiterin des Leitungsstabes im Bundesministerium f\u00fcr Arbeit und Soziales<\/li>\n<li class=\"list-item\">2014 bis 2018 Referatsleiterin im Bundesministerium f\u00fcr Familie, Senioren, Frauen und Jugend<\/li>\n<li class=\"list-item\">2011 bis 2014 Beauftragte f\u00fcr Arbeit und Soziales, Familie und Gesundheit in der Vertretung des Landes Baden-W\u00fcrttemberg beim Bund<\/li>\n<li class=\"list-item\">2009 bis 2011 Referentin der SPD-Bundestagsfraktion im B\u00fcro des stellvertretenden Fraktionsvorsitzenden Hubertus Heil, MdB<\/li>\n<li class=\"list-item\">2007 bis 2009 Pers\u00f6nliche Referentin des Generalsekret\u00e4rs beim SPD-Parteivorstand<\/li>\n<\/ul>\n<\/div>\n<\/div>\n<p><!-- {\"type\":\"layout\",\"children\":[{\"type\":\"section\",\"props\":{\"style\":\"default\",\"width\":\"default\",\"vertical_align\":\"middle\",\"title_position\":\"top-left\",\"title_rotation\":\"left\",\"title_breakpoint\":\"xl\",\"image_position\":\"center-center\"},\"children\":[{\"type\":\"row\",\"children\":[{\"type\":\"column\",\"props\":{\"image_position\":\"center-center\",\"media_overlay_gradient\":\"\"},\"children\":[{\"type\":\"headline\",\"props\":{\"title_element\":\"h1\",\"content\":\"Alle Referierende\"}}]}]}],\"name\":\"RP-Referenten\"},{\"type\":\"section\",\"props\":{\"style\":\"default\",\"width\":\"default\",\"vertical_align\":\"middle\",\"title_position\":\"top-left\",\"title_rotation\":\"left\",\"title_breakpoint\":\"xl\",\"image_position\":\"center-center\"},\"children\":[{\"type\":\"row\",\"children\":[{\"type\":\"column\",\"props\":{\"image_position\":\"center-center\",\"media_overlay_gradient\":\"\"},\"children\":[{\"type\":\"panel\",\"props\":{\"link_text\":\"Read more\",\"title_hover_style\":\"reset\",\"title_element\":\"h3\",\"title_align\":\"top\",\"title_grid_width\":\"1-2\",\"title_grid_breakpoint\":\"m\",\"meta_style\":\"meta\",\"meta_align\":\"below-title\",\"content_column_breakpoint\":\"m\",\"icon_width\":80,\"image_align\":\"top\",\"image_grid_width\":\"1-2\",\"image_grid_breakpoint\":\"m\",\"image_svg_color\":\"emphasis\",\"link_style\":\"default\",\"margin\":\"default\",\"content\":\"\n\n<p><strong>Herr Christoph Tillmanns<\\\/strong><\\\/p>\\n\n\n<ul>\\n\n\n<li>Vorsitzender Richter am Landesarbeitsgericht Baden-W\\u00fcrttemberg<\\\/li>\\n\n\n<li>bis 2005 Richter am Arbeitsgericht Freiburg.<\\\/li>\\n\n\n<li>Vorsitzender des Bundes der Richterinnen und Richter der Arbeitsgerichtsbarkeit seit 2015.<\\\/li>\\n<\\\/ul>\",\"image\":\"wp-content\\\/uploads\\\/P_Tillmanns.jpg\",\"class\":\"_reflisten\",\"content_margin\":\"remove\",\"css\":\"img {float:left;}\\ndiv.el-content {padding-left:20px;}\"},\"name\":\"Referent1\"}]}]},{\"type\":\"row\",\"children\":[{\"type\":\"column\",\"props\":{\"image_position\":\"center-center\",\"media_overlay_gradient\":\"\"},\"children\":[{\"type\":\"divider\",\"props\":{\"divider_element\":\"hr\"}}]}]},{\"type\":\"row\",\"children\":[{\"type\":\"column\",\"props\":{\"image_position\":\"center-center\",\"media_overlay_gradient\":\"\"},\"children\":[{\"type\":\"panel\",\"props\":{\"link_text\":\"Read more\",\"title_hover_style\":\"reset\",\"title_element\":\"h3\",\"title_align\":\"top\",\"title_grid_width\":\"1-2\",\"title_grid_breakpoint\":\"m\",\"meta_style\":\"meta\",\"meta_align\":\"below-title\",\"content_column_breakpoint\":\"m\",\"icon_width\":80,\"image_align\":\"top\",\"image_grid_width\":\"1-2\",\"image_grid_breakpoint\":\"m\",\"image_svg_color\":\"emphasis\",\"link_style\":\"default\",\"margin\":\"default\",\"content\":\"\n\n<p><strong>Nico Dmeiri<br \\\/><br \\\/>Agentur f\\u00fcr Arbeit<\\\/strong><\\\/p>\\n\n\n<ul>\\n\\n\n\n<li>Teamleiter Arbeitgeberservice<br \\\/>Agentur f\\u00fcr Arbeit<\\\/li>\\n<\\\/ul>\",\"image\":\"wp-content\\\/uploads\\\/P_Dmeiri.jpg\",\"class\":\"_reflisten\",\"content_margin\":\"remove\",\"css\":\"img {float:left;}\\ndiv.el-content {padding-left:20px;}\"},\"name\":\"Referent1\"}]}]},{\"type\":\"row\",\"children\":[{\"type\":\"column\",\"props\":{\"image_position\":\"center-center\",\"media_overlay_gradient\":\"\"},\"children\":[{\"type\":\"divider\",\"props\":{\"divider_element\":\"hr\"}}]}]},{\"type\":\"row\",\"children\":[{\"type\":\"column\",\"props\":{\"image_position\":\"center-center\",\"media_overlay_gradient\":\"\"},\"children\":[{\"type\":\"panel\",\"props\":{\"link_text\":\"Read more\",\"title_hover_style\":\"reset\",\"title_element\":\"h3\",\"title_align\":\"top\",\"title_grid_width\":\"1-2\",\"title_grid_breakpoint\":\"m\",\"meta_style\":\"meta\",\"meta_align\":\"below-title\",\"content_column_breakpoint\":\"m\",\"icon_width\":80,\"image_align\":\"top\",\"image_grid_width\":\"1-2\",\"image_grid_breakpoint\":\"m\",\"image_svg_color\":\"emphasis\",\"link_style\":\"default\",\"margin\":\"default\",\"content\":\"\n\n<p><strong>Herr Tamer Kazankaya<\\\/strong><\\\/p>\\n\n\n<ul>\\n\n\n<li>freigestellter Betriebsrat\\nbei Rolls-Royce\\nPower Systems AG<\\\/li>\\n\n\n<li>Vorsitzende Arbeitszeit\\nund Entgeltausschuss<\\\/li>\\n<\\\/ul>\\n\",\"image\":\"wp-content\\\/uploads\\\/P_Kazankaya.jpg\",\"class\":\"_reflisten\",\"content_margin\":\"remove\",\"css\":\"img {float:left;}\\ndiv.el-content {padding-left:20px;}\"},\"name\":\"Referent1\"}]}]},{\"type\":\"row\",\"children\":[{\"type\":\"column\",\"props\":{\"image_position\":\"center-center\",\"media_overlay_gradient\":\"\"},\"children\":[{\"type\":\"divider\",\"props\":{\"divider_element\":\"hr\"}}]}]},{\"type\":\"row\",\"children\":[{\"type\":\"column\",\"props\":{\"image_position\":\"center-center\",\"media_overlay_gradient\":\"\"},\"children\":[{\"type\":\"panel\",\"props\":{\"link_text\":\"Read more\",\"title_hover_style\":\"reset\",\"title_element\":\"h3\",\"title_align\":\"top\",\"title_grid_width\":\"1-2\",\"title_grid_breakpoint\":\"m\",\"meta_style\":\"meta\",\"meta_align\":\"below-title\",\"content_column_breakpoint\":\"m\",\"icon_width\":80,\"image_align\":\"top\",\"image_grid_width\":\"1-2\",\"image_grid_breakpoint\":\"m\",\"image_svg_color\":\"emphasis\",\"link_style\":\"default\",\"margin\":\"default\",\"content\":\"\n\n<p><strong>Frau Claudia\\nRankel<\\\/strong><\\\/p>\\n\n\n<ul>\\n\n\n<li>Gewerkschaftssekret\\u00e4rin der IG Metall Friedrichshafen\\n<\\\/li>\\n\n\n<li>ehem. Betriebsr\\u00e4tin bei Rolls-Royce Power Systems AG\\n<\\\/li>\\n\n\n<li>Mitglied im Aufsichtsrat bei der MTU Solutions GmbH<\\\/li>\\n<\\\/ul>\",\"image\":\"wp-content\\\/uploads\\\/P_Rankel.jpg\",\"class\":\"_reflisten\",\"css\":\"img {float:left;}\\ndiv.el-content {padding-left:20px;}\",\"content_margin\":\"remove\"},\"name\":\"Referent2\"}]}]},{\"type\":\"row\",\"children\":[{\"type\":\"column\",\"props\":{\"image_position\":\"center-center\",\"media_overlay_gradient\":\"\"},\"children\":[{\"type\":\"divider\",\"props\":{\"divider_element\":\"hr\"}}]}]},{\"type\":\"row\",\"children\":[{\"type\":\"column\",\"props\":{\"image_position\":\"center-center\",\"media_overlay_gradient\":\"\"},\"children\":[{\"type\":\"panel\",\"props\":{\"link_text\":\"Read more\",\"title_hover_style\":\"reset\",\"title_element\":\"h3\",\"title_align\":\"top\",\"title_grid_width\":\"1-2\",\"title_grid_breakpoint\":\"m\",\"meta_style\":\"meta\",\"meta_align\":\"below-title\",\"content_column_breakpoint\":\"m\",\"icon_width\":80,\"image_align\":\"top\",\"image_grid_width\":\"1-2\",\"image_grid_breakpoint\":\"m\",\"image_svg_color\":\"emphasis\",\"link_style\":\"default\",\"margin\":\"default\",\"content\":\"\n\n<p><strong>Herr Tim\\nLubecki<\\\/strong><\\\/p>\\n\n\n<ul>\\n\n\n<li>Leiter der Tarifabteilung\\n<\\\/li>\\n\n\n<li>\\nGewerkschaft Nahrung-Genuss-Gastst\\u00e4tten\\n<\\\/li>\\n\n\n<li>\\nNGG-Hauptverwaltung in Hamburg<\\\/li>\\n<\\\/ul>\",\"image\":\"wp-content\\\/uploads\\\/P_lubecki.jpg\",\"class\":\"_reflisten\",\"css\":\"img {float:left;}\\ndiv.el-content {padding-left:20px;}\",\"content_margin\":\"remove\"},\"name\":\"Referent2\"}]}]},{\"type\":\"row\",\"children\":[{\"type\":\"column\",\"props\":{\"image_position\":\"center-center\",\"media_overlay_gradient\":\"\"},\"children\":[{\"type\":\"divider\",\"props\":{\"divider_element\":\"hr\"}}]}]},{\"type\":\"row\",\"children\":[{\"type\":\"column\",\"props\":{\"image_position\":\"center-center\",\"media_overlay_gradient\":\"\"},\"children\":[{\"type\":\"panel\",\"props\":{\"link_text\":\"Read more\",\"title_hover_style\":\"reset\",\"title_element\":\"h3\",\"title_align\":\"top\",\"title_grid_width\":\"1-2\",\"title_grid_breakpoint\":\"m\",\"meta_style\":\"meta\",\"meta_align\":\"below-title\",\"content_column_breakpoint\":\"m\",\"icon_width\":80,\"image_align\":\"top\",\"image_grid_width\":\"1-2\",\"image_grid_breakpoint\":\"m\",\"image_svg_color\":\"emphasis\",\"link_style\":\"default\",\"margin\":\"default\",\"content\":\"\n\n<p><strong>Dr. Norbert Gulmo<\\\/strong><\\\/p>\\n\n\n<ul>\\n\n\n<li>Diplom-Psychologe mit Schwerpunkt Arbeits- und Organisationspsychologie<\\\/li>\\n\n\n<li>Dissertation zum Thema \\\"Stress und psychische Belastungen am Arbeitsplatz\\\"<\\\/li>\\n\n\n<li>Fachkraft f\\u00fcr Arbeitssicherheit<\\\/li>\\n\n\n<li>Trainer f\\u00fcr Stresspr\\u00e4vention<\\\/li>\\n\n\n<li>Institutsleiter des Forschungs- und Beratungsinstituts GULMO mit Schwerpunkt Durchf\\u00fchrung von Gef\\u00e4hrdungsbeurteilungen<\\\/li>\\n\n\n<li>Freiberuflicher Berater und Referent rund um das Thema betrieblicher Arbeits- und Gesundheitsschutz<\\\/li>\\n<\\\/ul>\",\"image\":\"wp-content\\\/uploads\\\/Dr_Gulmo.jpg\",\"class\":\"_reflisten\",\"content_margin\":\"remove\",\"css\":\"img {float:left;}\\ndiv.el-content {padding-left:20px;}\"},\"name\":\"Gulmo\"}]}]},{\"type\":\"row\",\"children\":[{\"type\":\"column\",\"props\":{\"image_position\":\"center-center\",\"media_overlay_gradient\":\"\"},\"children\":[{\"type\":\"divider\",\"props\":{\"divider_element\":\"hr\"}}]}]},{\"type\":\"row\",\"children\":[{\"type\":\"column\",\"props\":{\"image_position\":\"center-center\",\"media_overlay_gradient\":\"\"},\"children\":[{\"type\":\"panel\",\"props\":{\"link_text\":\"Read more\",\"title_hover_style\":\"reset\",\"title_element\":\"h3\",\"title_align\":\"top\",\"title_grid_width\":\"1-2\",\"title_grid_breakpoint\":\"m\",\"meta_style\":\"meta\",\"meta_align\":\"below-title\",\"content_column_breakpoint\":\"m\",\"icon_width\":80,\"image_align\":\"top\",\"image_grid_width\":\"1-2\",\"image_grid_breakpoint\":\"m\",\"image_svg_color\":\"emphasis\",\"link_style\":\"default\",\"margin\":\"default\",\"content\":\"\n\n<p><strong>Herr Prof. Dr. Treber<\\\/strong><br \\\/>Vorsitzender des 4. Senats; Tarifrecht \\\/ Eingruppierung<\\\/p>\\n\n\n<ul>\\n\n\n<li>Studium der Rechtswissenschaft in Mainz<\\\/li>\\n\n\n<li>1995 Promotion: Aktiv produktionsbehindernde Ma\\u00dfnahmen: Zur Zul\\u00e4ssigkeit von Betriebsbesetzungen und Betriebsblockaden unter Ber\\u00fccksichtigung des Funktionzusammenhangs von Privatautonomie, Tarifautonomie und Arbeitskampfrecht.<\\\/li>\\n\n\n<li>2008 Richter am BAG<\\\/li>\\n\n\n<li>2018 Honorarprofessor Uni Trier<\\\/li>\\n\n\n<li>2018 Vorsitzende Richter am BAG<\\\/li>\\n<\\\/ul>\",\"image\":\"wp-content\\\/uploads\\\/P_Treber.jpg\",\"class\":\"_reflisten\",\"content_margin\":\"remove\",\"css\":\"img {float:left;}\\ndiv.el-content {padding-left:20px;}\"},\"name\":\"Referent1\"}]}]},{\"type\":\"row\",\"children\":[{\"type\":\"column\",\"props\":{\"image_position\":\"center-center\",\"media_overlay_gradient\":\"\"},\"children\":[{\"type\":\"divider\",\"props\":{\"divider_element\":\"hr\"}}]}]},{\"type\":\"row\",\"children\":[{\"type\":\"column\",\"props\":{\"image_position\":\"center-center\",\"media_overlay_gradient\":\"\"},\"children\":[{\"type\":\"panel\",\"props\":{\"link_text\":\"Read more\",\"title_hover_style\":\"reset\",\"title_element\":\"h3\",\"title_align\":\"top\",\"title_grid_width\":\"1-2\",\"title_grid_breakpoint\":\"m\",\"meta_style\":\"meta\",\"meta_align\":\"below-title\",\"content_column_breakpoint\":\"m\",\"icon_width\":80,\"image_align\":\"top\",\"image_grid_width\":\"1-2\",\"image_grid_breakpoint\":\"m\",\"image_svg_color\":\"emphasis\",\"link_style\":\"default\",\"margin\":\"default\",\"content\":\"\n\n<p><strong>Frau Dr. Tondorf<\\\/strong><br \\\/>Diplom-Soziologin<\\\/p>\\n\n\n<ul>\\n\n\n<li>1993 Promotion: Modernisierung industrieller Entlohnung<\\\/li>\\n\n\n<li>1989 \\u2013 1994 Wissenschaftliche Mitarbeiterin an der Freien Universit\\u00e4t Berlin<\\\/li>\\n\n\n<li>1994 \\u2013 1996 Wissenschaftliche Mitarbeiterin am Wissenschaftszentrum Berlin<\\\/li>\\n\n\n<li>seit 1996 freiberufliche Wissenschaftlerin und Beraterin<\\\/li>\\n<\\\/ul>\",\"image\":\"wp-content\\\/uploads\\\/P_Trondorf.jpg\",\"class\":\"_reflisten\",\"css\":\"img {float:left;}\\ndiv.el-content {padding-left:20px;}\",\"content_margin\":\"remove\"},\"name\":\"Referent2\"}]}]},{\"type\":\"row\",\"children\":[{\"type\":\"column\",\"props\":{\"image_position\":\"center-center\",\"media_overlay_gradient\":\"\"},\"children\":[{\"type\":\"divider\",\"props\":{\"divider_element\":\"hr\"}}]}]},{\"type\":\"row\",\"children\":[{\"type\":\"column\",\"props\":{\"image_position\":\"center-center\",\"media_overlay_gradient\":\"\"},\"children\":[{\"type\":\"panel\",\"props\":{\"link_text\":\"Read more\",\"title_hover_style\":\"reset\",\"title_element\":\"h3\",\"title_align\":\"top\",\"title_grid_width\":\"1-2\",\"title_grid_breakpoint\":\"m\",\"meta_style\":\"meta\",\"meta_align\":\"below-title\",\"content_column_breakpoint\":\"m\",\"icon_width\":80,\"image_align\":\"top\",\"image_grid_width\":\"1-2\",\"image_grid_breakpoint\":\"m\",\"image_svg_color\":\"emphasis\",\"link_style\":\"default\",\"margin\":\"default\",\"content\":\"\n\n<p><strong>Frau Dr. Maren Rennpferdt<br \\\/><\\\/strong>Richterin im 7. Senat des Bundesarbeitsgerichts<\\\/p>\",\"image\":\"wp-content\\\/uploads\\\/P_Rennpferdt.jpg\",\"class\":\"_reflisten\",\"css\":\"img {float:left;}\\ndiv.el-content {padding-left:20px;}\",\"content_margin\":\"remove\"},\"name\":\"Referent2\"}]}]},{\"type\":\"row\",\"children\":[{\"type\":\"column\",\"props\":{\"image_position\":\"center-center\",\"media_overlay_gradient\":\"\"},\"children\":[{\"type\":\"divider\",\"props\":{\"divider_element\":\"hr\"}}]}]},{\"type\":\"row\",\"children\":[{\"type\":\"column\",\"props\":{\"image_position\":\"center-center\",\"media_overlay_gradient\":\"\"},\"children\":[{\"type\":\"panel\",\"props\":{\"link_text\":\"Read more\",\"title_hover_style\":\"reset\",\"title_element\":\"h3\",\"title_align\":\"top\",\"title_grid_width\":\"1-2\",\"title_grid_breakpoint\":\"m\",\"meta_style\":\"meta\",\"meta_align\":\"below-title\",\"content_column_breakpoint\":\"m\",\"icon_width\":80,\"image_align\":\"top\",\"image_grid_width\":\"1-2\",\"image_grid_breakpoint\":\"m\",\"image_svg_color\":\"emphasis\",\"link_style\":\"default\",\"margin\":\"default\",\"content\":\"\n\n<p><strong>Lilian Tschan<br \\\/><\\\/strong>Staatssekret\\u00e4rin im Bundesministerium f\\u00fcr Arbeit und Soziales, Berlin<\\\/p>\\n\n\n<ul>\\n\n\n<li class=\\\"list-item\\\">Seit Februar 2022 Staatssekret\\u00e4rin im Bundesministerium f\\u00fcr Arbeit und Soziales<\\\/li>\\n\n\n<li class=\\\"list-item\\\">2018 bis 2022 Leiterin des Leitungsstabes im Bundesministerium f\\u00fcr Arbeit und Soziales<\\\/li>\\n\n\n<li class=\\\"list-item\\\">2014 bis 2018 Referatsleiterin im Bundesministerium f\\u00fcr Familie, Senioren, Frauen und Jugend<\\\/li>\\n\n\n<li class=\\\"list-item\\\">2011 bis 2014 Beauftragte f\\u00fcr Arbeit und Soziales, Familie und Gesundheit in der Vertretung des Landes Baden-W\\u00fcrttemberg beim Bund<\\\/li>\\n\n\n<li class=\\\"list-item\\\">2009 bis 2011 Referentin der SPD-Bundestagsfraktion im B\\u00fcro des stellvertretenden Fraktionsvorsitzenden Hubertus Heil, MdB<\\\/li>\\n\n\n<li class=\\\"list-item\\\">2007 bis 2009 Pers\\u00f6nliche Referentin des Generalsekret\\u00e4rs beim SPD-Parteivorstand<\\\/li>\\n<\\\/ul>\",\"image\":\"wp-content\\\/uploads\\\/portrait-tschan-1.jpg\",\"class\":\"_reflisten\",\"css\":\"img {float:left;}\\ndiv.el-content {padding-left:20px;}\",\"content_margin\":\"remove\"},\"name\":\"Referent2\"}]}]}],\"name\":\"RP-Referenten2\"}],\"version\":\"2.1.2\"} --><\/p>\n","protected":false},"excerpt":{"rendered":"<p>Alle Referierende Herr Christoph Tillmanns Vorsitzender Richter am Landesarbeitsgericht Baden-W\u00fcrttemberg bis 2005 Richter am Arbeitsgericht Freiburg. Vorsitzender des Bundes der Richterinnen und Richter der Arbeitsgerichtsbarkeit seit 2015. Nico Dmeiri Agentur f\u00fcr Arbeit Teamleiter ArbeitgeberserviceAgentur f\u00fcr Arbeit Herr Tamer Kazankaya freigestellter Betriebsrat bei Rolls-Royce Power Systems AG Vorsitzende Arbeitszeit und Entgeltausschuss Frau Claudia Rankel Gewerkschaftssekret\u00e4rin der [&hellip;]<\/p>\n","protected":false},"author":1,"featured_media":0,"parent":0,"menu_order":0,"comment_status":"closed","ping_status":"closed","template":"","meta":[],"_links":{"self":[{"href":"https:\/\/www.rechtpraktisch.com\/index.php?rest_route=\/wp\/v2\/pages\/1096"}],"collection":[{"href":"https:\/\/www.rechtpraktisch.com\/index.php?rest_route=\/wp\/v2\/pages"}],"about":[{"href":"https:\/\/www.rechtpraktisch.com\/index.php?rest_route=\/wp\/v2\/types\/page"}],"author":[{"embeddable":true,"href":"https:\/\/www.rechtpraktisch.com\/index.php?rest_route=\/wp\/v2\/users\/1"}],"replies":[{"embeddable":true,"href":"https:\/\/www.rechtpraktisch.com\/index.php?rest_route=%2Fwp%2Fv2%2Fcomments&post=1096"}],"version-history":[{"count":16,"href":"https:\/\/www.rechtpraktisch.com\/index.php?rest_route=\/wp\/v2\/pages\/1096\/revisions"}],"predecessor-version":[{"id":2123,"href":"https:\/\/www.rechtpraktisch.com\/index.php?rest_route=\/wp\/v2\/pages\/1096\/revisions\/2123"}],"wp:attachment":[{"href":"https:\/\/www.rechtpraktisch.com\/index.php?rest_route=%2Fwp%2Fv2%2Fmedia&parent=1096"}],"curies":[{"name":"wp","href":"https:\/\/api.w.org\/{rel}","templated":true}]}}