{"id":19,"date":"2013-11-16T00:00:00","date_gmt":"2013-11-16T00:00:00","guid":{"rendered":"http:\/\/localhost\/Themes\/2017\/Vision\/Website_WP\/index.php\/getting-started\/"},"modified":"2025-10-20T09:53:48","modified_gmt":"2025-10-20T09:53:48","slug":"getting-started","status":"publish","type":"page","link":"https:\/\/www.rechtpraktisch.com\/","title":{"rendered":"Home"},"content":{"rendered":"<h1>Informationen zu unseren Veranstaltungen 2026 finden Sie demn\u00e4chst hier<\/h1>\n<div>\n<h4>Arbeitsrecht am Bodensee<\/h4>\n<\/div>\n<p>\n    <a href=\"\/index.php?page_id=231\">Aktuelle Veranstaltung<\/a>\n<\/p>\n<div>\n<p id=\"zieldiv\">Im M\u00e4rz 2020 startete \u201erecht-praktisch\u201c mit der ersten erfolgreichen Veranstaltung.<\/p>\n<p>Die Grundidee ist ein j\u00e4hrliches Forum f\u00fcr Mitglieder des Betriebsrats mit aktuellen Themen betriebsverfassungsrechtlicher, sozial-, tarif- und allgemein betriebspolitischer Art in sch\u00f6ner Umgebung am Bodensee mit hochkar\u00e4tigen <a href=\"https:\/\/www.rechtpraktisch.com\/?page_id=1096\">Referent*innen<\/a>.<\/p>\n<p>Es gibt Gelegenheit zum kollegialen Erfahrungsaustausch aus den Betrieben sowie Raum f\u00fcr Fragen und Diskussion.<\/p>\n<p>Die Inhalte werden unter dem Aspekt der \u201eErforderlichkeit f\u00fcr die Betriebsratsarbeit\u201c im Sinne des \u00a7 37 Abs. 6 BetrVG ausgew\u00e4hlt, so dass grunds\u00e4tzlich der Arbeitgeber*in die Kosten f\u00fcr die Teilnahme tr\u00e4gt, ein ordnungsgem\u00e4\u00dfer Beschluss des Betriebsrates vorausgesetzt.<\/p>\n<p><strong>Zielgruppe<\/strong> <br \/>Die Veranstaltung richtet sich an Betriebsr\u00e4te*in aller Branchen, sowie an Gewerkschafts- und Rechtssekret\u00e4rinnen des DGB bzw. der Mitgliedsgewerkschaften.<\/p>\n<\/div>\n<div>\n<p>Die Veranstaltung beginnt um 10.00 und dauert bis ca. 17.00 Uhr. Die Anmeldung erfolgt <a href=\"https:\/\/www.rechtpraktisch.com\\\/?page_id=707\">online<\/a>. Nach der Anmeldung \u00fcbersenden wir eine Kostenrechnung. Die Teilnehmer*innen erhalten eine Dokumentation der Tagungsinhalte \u00fcber unsere Website www.rechtpraktisch.com mit einem Kennwort nach Eingang der Tagungsgeb\u00fchr.<\/p>\n<p>Auf Wunsch stellen wir eine Teilnahmebescheinigung aus.<\/p>\n<\/div>\n<div>\n<h3>recht-praktisch wird durchgef\u00fchrt von<\/h3>\n<\/div>\n<ul>\n<li>\n<p>        <img src=\"\/wp-content\/uploads\/Logo_Schwinkowski.jpg\" alt=\"\"><\/p>\n<h3>Schwinkowski<\/h3>\n<\/li>\n<li>\n<h3>&#8211;<\/h3>\n<p>&#8211;<\/p>\n<div>&#8211;<\/div>\n<\/li>\n<li>\n<p>        <img src=\"\/wp-content\/uploads\/Logo_Zuber_1000.jpg\" alt=\"\"><\/p>\n<h3>Zuber<\/h3>\n<\/li>\n<\/ul>\n<div>\n<h3>recht-praktisch wird unterst\u00fctzt durch<\/h3>\n<\/div>\n<ul>\n<li>\n<p>        <img src=\"\/wp-content\/uploads\/DGB.jpg\" alt=\"\"><\/p>\n<h3>DGB<\/h3>\n<\/li>\n<li>\n<p>        <img src=\"\/wp-content\/uploads\/NGG.jpg\" alt=\"\"><\/p>\n<h3>NGG<\/h3>\n<\/li>\n<li>\n<p>        <img src=\"\/wp-content\/uploads\/IGM.jpg\" alt=\"\"><\/p>\n<h3>IGM<\/h3>\n<\/li>\n<li>\n<p>        <img src=\"\/wp-content\/uploads\/verdi.jpg\" alt=\"\"><\/p>\n<h3>verdi<\/h3>\n<\/li>\n<\/ul>\n<p><!-- {\"type\":\"layout\",\"children\":[{\"name\":\"Titelblock 1\",\"type\":\"section\",\"props\":{\"width\":\"expand\",\"padding\":\"small\",\"style\":\"secondary\",\"media\":\"images\\\/home-header.jpg\",\"height_viewport\":true,\"header_overlay\":\"light\",\"image\":\"wp-content\\\/uploads\\\/clipdealer-A16408354-photo_jpg_m_umg.jpg\",\"media_advanced\":true,\"image_size\":\"cover\",\"media_background\":null,\"media_overlay\":null,\"animation\":\"fade\",\"image_position\":\"top-center\",\"vertical_align\":\"middle\",\"title_position\":\"top-left\",\"title_rotation\":\"left\",\"title_breakpoint\":\"xl\",\"image_width\":\"1560\"},\"children\":[{\"name\":\"\",\"type\":\"row\",\"props\":{\"layout\":\"large,expand\",\"match\":false,\"vertical_align\":false,\"divider\":false,\"column_gap\":\"large\",\"row_gap\":\"large\"},\"children\":[{\"name\":\"\",\"type\":\"column\",\"props\":{\"image_position\":\"center-center\",\"style\":\"secondary\",\"padding\":\"xlarge\",\"preserve_color\":false,\"media_overlay_gradient\":\"\",\"width_medium\":\"2xlarge\"},\"children\":[{\"name\":\"\",\"type\":\"headline\",\"props\":{\"title_element\":\"h1\",\"content\":\"Informationen zu unseren Veranstaltungen 2026 finden Sie demn\\u00e4chst hier\",\"title_style\":\"h2\",\"margin_remove_bottom\":true,\"maxwidth\":\"large\",\"block_align\":\"center\"}},{\"name\":\"\",\"type\":\"text\",\"props\":{\"margin\":\"remove-vertical\",\"column_breakpoint\":\"m\",\"content\":\"\n\n<h4>Arbeitsrecht am Bodensee<\\\/h4>\",\"maxwidth\":\"large\",\"block_align\":\"center\"}},{\"name\":\"\",\"type\":\"button\",\"props\":{\"margin\":\"medium\",\"maxwidth\":\"large\",\"block_align\":\"center\",\"grid_column_gap\":\"small\",\"grid_row_gap\":\"small\",\"status\":\"\"},\"children\":[{\"name\":\"\",\"type\":\"button_item\",\"props\":{\"button_style\":\"primary\",\"icon_align\":\"left\",\"content\":\"Aktuelle Veranstaltung\",\"link\":\"index.php?page_id=231\"}}]}]},{\"name\":\"\",\"type\":\"column\",\"props\":{\"image_position\":\"center-center\",\"media_overlay_gradient\":\"\",\"width_medium\":\"expand\"},\"children\":[]}]}]},{\"type\":\"section\",\"props\":{\"style\":\"default\",\"width\":\"default\",\"vertical_align\":\"middle\",\"title_position\":\"top-left\",\"title_rotation\":\"left\",\"title_breakpoint\":\"xl\",\"image_position\":\"center-center\"},\"children\":[{\"type\":\"row\",\"children\":[{\"type\":\"column\",\"props\":{\"image_position\":\"center-center\",\"media_overlay_gradient\":\"\"},\"children\":[{\"type\":\"text\",\"props\":{\"margin\":\"default\",\"column_breakpoint\":\"m\",\"content\":\"\n\n<p id=\\\"zieldiv\\\">Im M\\u00e4rz 2020 startete \\u201erecht-praktisch\\u201c mit der ersten erfolgreichen Veranstaltung.<\\\/p>\\n\n\n<p>Die Grundidee ist ein j\\u00e4hrliches Forum f\\u00fcr Mitglieder des Betriebsrats mit aktuellen Themen betriebsverfassungsrechtlicher, sozial-, tarif- und allgemein betriebspolitischer Art in sch\\u00f6ner Umgebung am Bodensee mit hochkar\\u00e4tigen <a href=\\\"https:\\\/\\\/www.rechtpraktisch.com\\\/?page_id=1096\\\">Referent*innen<\\\/a>.<\\\/p>\\n\n\n<p>Es gibt Gelegenheit zum kollegialen Erfahrungsaustausch aus den Betrieben sowie Raum f\\u00fcr Fragen und Diskussion.<\\\/p>\\n\n\n<p>Die Inhalte werden unter dem Aspekt der \\u201eErforderlichkeit f\\u00fcr die Betriebsratsarbeit\\u201c im Sinne des \\u00a7 37 Abs. 6 BetrVG ausgew\\u00e4hlt, so dass grunds\\u00e4tzlich der Arbeitgeber*in die Kosten f\\u00fcr die Teilnahme tr\\u00e4gt, ein ordnungsgem\\u00e4\\u00dfer Beschluss des Betriebsrates vorausgesetzt.<\\\/p>\\n\n\n<p><strong>Zielgruppe<\\\/strong> <br \\\/>Die Veranstaltung richtet sich an Betriebsr\\u00e4te*in aller Branchen, sowie an Gewerkschafts- und Rechtssekret\\u00e4rinnen des DGB bzw. der Mitgliedsgewerkschaften.<\\\/p>\"}},{\"type\":\"text\",\"props\":{\"margin\":\"default\",\"column_breakpoint\":\"m\",\"content\":\"\n\n<p>Die Veranstaltung beginnt um 10.00 und dauert bis ca. 17.00 Uhr. Die Anmeldung erfolgt <a href=\\\"https:\\\/\\\/www.rechtpraktisch.com\\\\\\\/?page_id=707\\\">online<\\\/a>. Nach der Anmeldung \\u00fcbersenden wir eine Kostenrechnung. Die Teilnehmer*innen erhalten eine Dokumentation der Tagungsinhalte \\u00fcber unsere Website www.rechtpraktisch.com mit einem Kennwort nach Eingang der Tagungsgeb\\u00fchr.<\\\/p>\\n\n\n<p>Auf Wunsch stellen wir eine Teilnahmebescheinigung aus.<\\\/p>\"}}]}]}]},{\"type\":\"section\",\"props\":{\"style\":\"default\",\"width\":\"default\",\"vertical_align\":\"middle\",\"title_position\":\"top-left\",\"title_rotation\":\"left\",\"title_breakpoint\":\"xl\",\"image_position\":\"center-center\"},\"children\":[{\"type\":\"row\",\"children\":[{\"type\":\"column\",\"props\":{\"image_position\":\"center-center\",\"media_overlay_gradient\":\"\",\"width_medium\":\"\"},\"children\":[{\"type\":\"text\",\"props\":{\"margin\":\"default\",\"column_breakpoint\":\"m\",\"content\":\"\n\n<h3>recht-praktisch wird durchgef\\u00fchrt von<\\\/h3>\"}},{\"type\":\"grid\",\"props\":{\"show_title\":false,\"show_meta\":false,\"show_content\":false,\"show_image\":true,\"show_link\":false,\"grid_default\":\"1\",\"grid_medium\":\"4\",\"filter_style\":\"tab\",\"filter_all\":true,\"filter_position\":\"top\",\"filter_align\":\"left\",\"filter_grid_width\":\"auto\",\"filter_grid_breakpoint\":\"m\",\"title_hover_style\":\"reset\",\"title_element\":\"h3\",\"title_align\":\"top\",\"title_grid_width\":\"1-2\",\"title_grid_breakpoint\":\"m\",\"meta_style\":\"meta\",\"meta_align\":\"below-title\",\"content_column_breakpoint\":\"m\",\"icon_width\":80,\"image_align\":\"top\",\"image_grid_width\":\"1-2\",\"image_grid_breakpoint\":\"m\",\"image_svg_color\":\"emphasis\",\"link_text\":\"Read more\",\"link_style\":\"default\",\"margin\":\"default\",\"item_animation\":\"\",\"grid_divider\":false,\"grid_row_align\":false,\"image_width\":\"200px\",\"image_height\":\"200px\"},\"children\":[{\"type\":\"grid_item\",\"props\":{\"title\":\"Schwinkowski\",\"image\":\"wp-content\\\/uploads\\\/Logo_Schwinkowski.jpg\"}},{\"type\":\"grid_item\",\"props\":{\"title\":\"-\",\"meta\":\"-\",\"content\":\"-\"}},{\"type\":\"grid_item\",\"props\":{\"title\":\"Zuber\",\"image\":\"wp-content\\\/uploads\\\/Logo_Zuber_1000.jpg\"}}]},{\"type\":\"text\",\"props\":{\"margin\":\"default\",\"column_breakpoint\":\"m\",\"content\":\"\n\n<h3>recht-praktisch wird unterst\\u00fctzt durch<\\\/h3>\"}},{\"type\":\"grid\",\"props\":{\"show_title\":false,\"show_meta\":false,\"show_content\":false,\"show_image\":true,\"show_link\":false,\"grid_default\":\"1\",\"grid_medium\":\"4\",\"filter_style\":\"tab\",\"filter_all\":true,\"filter_position\":\"top\",\"filter_align\":\"left\",\"filter_grid_width\":\"auto\",\"filter_grid_breakpoint\":\"m\",\"title_hover_style\":\"reset\",\"title_element\":\"h3\",\"title_align\":\"top\",\"title_grid_width\":\"1-2\",\"title_grid_breakpoint\":\"m\",\"meta_style\":\"meta\",\"meta_align\":\"below-title\",\"content_column_breakpoint\":\"m\",\"icon_width\":80,\"image_align\":\"top\",\"image_grid_width\":\"1-2\",\"image_grid_breakpoint\":\"m\",\"image_svg_color\":\"emphasis\",\"link_text\":\"Read more\",\"link_style\":\"default\",\"margin\":\"default\",\"item_animation\":\"\",\"grid_divider\":false,\"grid_row_align\":false,\"image_width\":\"200px\",\"image_height\":\"200px\"},\"children\":[{\"type\":\"grid_item\",\"props\":{\"title\":\"DGB\",\"image\":\"wp-content\\\/uploads\\\/DGB.jpg\"}},{\"type\":\"grid_item\",\"props\":{\"title\":\"NGG\",\"image\":\"wp-content\\\/uploads\\\/NGG.jpg\"}},{\"type\":\"grid_item\",\"props\":{\"title\":\"IGM\",\"image\":\"wp-content\\\/uploads\\\/IGM.jpg\"}},{\"type\":\"grid_item\",\"props\":{\"title\":\"verdi\",\"image\":\"wp-content\\\/uploads\\\/verdi.jpg\"}}]}]}]}]}],\"version\":\"2.1.2\"} --><\/p>\n","protected":false},"excerpt":{"rendered":"<p>Informationen zu unseren Veranstaltungen 2026 finden Sie demn\u00e4chst hier Arbeitsrecht am Bodensee Aktuelle Veranstaltung Im M\u00e4rz 2020 startete \u201erecht-praktisch\u201c mit der ersten erfolgreichen Veranstaltung. Die Grundidee ist ein j\u00e4hrliches Forum f\u00fcr Mitglieder des Betriebsrats mit aktuellen Themen betriebsverfassungsrechtlicher, sozial-, tarif- und allgemein betriebspolitischer Art in sch\u00f6ner Umgebung am Bodensee mit hochkar\u00e4tigen Referent*innen. Es gibt Gelegenheit [&hellip;]<\/p>\n","protected":false},"author":1,"featured_media":0,"parent":0,"menu_order":8,"comment_status":"closed","ping_status":"closed","template":"","meta":[],"_links":{"self":[{"href":"https:\/\/www.rechtpraktisch.com\/index.php?rest_route=\/wp\/v2\/pages\/19"}],"collection":[{"href":"https:\/\/www.rechtpraktisch.com\/index.php?rest_route=\/wp\/v2\/pages"}],"about":[{"href":"https:\/\/www.rechtpraktisch.com\/index.php?rest_route=\/wp\/v2\/types\/page"}],"author":[{"embeddable":true,"href":"https:\/\/www.rechtpraktisch.com\/index.php?rest_route=\/wp\/v2\/users\/1"}],"replies":[{"embeddable":true,"href":"https:\/\/www.rechtpraktisch.com\/index.php?rest_route=%2Fwp%2Fv2%2Fcomments&post=19"}],"version-history":[{"count":101,"href":"https:\/\/www.rechtpraktisch.com\/index.php?rest_route=\/wp\/v2\/pages\/19\/revisions"}],"predecessor-version":[{"id":2122,"href":"https:\/\/www.rechtpraktisch.com\/index.php?rest_route=\/wp\/v2\/pages\/19\/revisions\/2122"}],"wp:attachment":[{"href":"https:\/\/www.rechtpraktisch.com\/index.php?rest_route=%2Fwp%2Fv2%2Fmedia&parent=19"}],"curies":[{"name":"wp","href":"https:\/\/api.w.org\/{rel}","templated":true}]}}