{"id":231,"date":"2020-07-21T14:07:10","date_gmt":"2020-07-21T14:07:10","guid":{"rendered":"http:\/\/www.rechtpraktisch.com\/?page_id=231"},"modified":"2025-10-20T09:36:09","modified_gmt":"2025-10-20T09:36:09","slug":"entwurf-231","status":"publish","type":"page","link":"https:\/\/www.rechtpraktisch.com\/?page_id=231","title":{"rendered":"Aktuelle Veranstaltung"},"content":{"rendered":"<h1>Arbeitsrecht 2026<\/h1>\n<h1>16. Oktober 2025 &#8211; Krise und Arbeitsrecht<\/h1>\n<div>\n<h4>Weitere Informationen in K\u00fcrze<\/h4>\n<\/div>\n<div>\n<h4>Gestaltungsm\u00f6glichkeiten im Rahmen des Arbeitsrecht<\/h4>\n<p><strong>Themen<\/strong><\/p>\n<\/div>\n<ul>\n<li>\n<h3>1.<\/h3>\n<div>\n<p>Aktuelle Entscheidungen aus dem Arbeits- und Betriebsverfassungsrecht<\/p>\n<\/div>\n<\/li>\n<li>\n<h3>2.<\/h3>\n<div>\n<p>Mitbestimmungsrechte und Gestaltungsm\u00f6glichkeiten f\u00fcr Betriebsr\u00e4te bei<br \/>Betriebs\u00e4nderungen im Rahmen von Interessensausgleich und Sozialplan<\/p>\n<\/div>\n<\/li>\n<\/ul>\n<div>\n<ul>\n<li>Betriebs\u00e4nderungen, Interessenausgleich und Sozialplan<\/li>\n<li>Betriebsbedingte K\u00fcndigung<\/li>\n<li>Massenentlassungen, Anzeigepflicht<\/li>\n<li>Transfergesellschaft<\/li>\n<li>Qualifizierungschancengesetz, Weiterbildung<\/li>\n<li>Kurzarbeit u.a.<\/li>\n<\/ul>\n<p>Insel Mainau von 10.00 bis ca. 17.00 Uhr<\/p>\n<\/div>\n<div>\n<p><strong>Referenten<\/strong><\/p>\n<\/div>\n<div>\n<p>Unsere Referenten f\u00fcr Veranstantungen im Jahr 2026 stehen leider noch nicht fest.<\/p>\n<\/div>\n<div>\n<p>        <img src=\"\/wp-content\/uploads\/P_Tillmanns.jpg\" alt=\"\"><\/p>\n<div>\n<p><strong>Christoph Tillmanns<\/strong><br \/>Vorsitzender Richter am Landesarbeitsgericht Baden-W\u00fcrttemberg, Kammern Freiburg<\/p>\n<\/div>\n<\/div>\n<div>\n<p>        <img src=\"\/wp-content\/uploads\/P_Dmeiri.jpg\" alt=\"\"><\/p>\n<div>\n<p><strong>Nico Dmeiri<br \/><\/strong>Teamleiter Arbeitgeberservice<br \/>Agentur f\u00fcr Arbeit<br \/>Konstanz-Ravensburg<\/p>\n<p>Funktion und Unterst\u00fctzungsm\u00f6glichkeiten der<br \/>Arbeitsagentur in Krisenzeiten<\/p>\n<\/div>\n<\/div>\n<p><!-- {\"name\":\"RP Download\",\"type\":\"layout\",\"children\":[{\"type\":\"section\",\"props\":{\"style\":\"default\",\"width\":\"default\",\"vertical_align\":\"middle\",\"title_position\":\"top-left\",\"title_rotation\":\"left\",\"title_breakpoint\":\"xl\",\"image_position\":\"center-center\",\"class\":\"_aktuelleveranstaltung\"},\"children\":[{\"type\":\"row\",\"props\":{\"layout\":\"3-4,1-4\"},\"children\":[{\"type\":\"column\",\"props\":{\"image_position\":\"center-center\",\"media_overlay_gradient\":\"\",\"width_medium\":\"3-4\"},\"children\":[{\"type\":\"headline\",\"props\":{\"title_element\":\"h1\",\"content\":\"Arbeitsrecht 2026\"}},{\"type\":\"headline\",\"props\":{\"title_element\":\"h1\",\"content\":\"16. Oktober 2025 - Krise und Arbeitsrecht\",\"status\":\"disabled\"}},{\"type\":\"text\",\"props\":{\"margin\":\"default\",\"column_breakpoint\":\"m\",\"content\":\"\n\n<h4>Weitere Informationen in K\\u00fcrze<\\\/h4>\"}},{\"type\":\"text\",\"props\":{\"margin\":\"default\",\"column_breakpoint\":\"m\",\"content\":\"\n\n<h4>Gestaltungsm\\u00f6glichkeiten im Rahmen des Arbeitsrecht<\\\/h4>\\n\n\n<p><strong>Themen<\\\/strong><\\\/p>\",\"status\":\"disabled\"}},{\"type\":\"description_list\",\"props\":{\"show_title\":true,\"show_meta\":true,\"show_content\":true,\"show_link\":true,\"list_element\":\"ul\",\"column_breakpoint\":\"m\",\"layout\":\"grid-2\",\"title_grid_width\":\"auto\",\"title_grid_column_gap\":\"small\",\"title_grid_row_gap\":\"small\",\"meta_style\":\"meta\",\"meta_align\":\"below-content\",\"status\":\"disabled\"},\"children\":[{\"type\":\"description_list_item\",\"props\":{\"title\":\"1.\",\"content\":\"\n\n<p>Aktuelle Entscheidungen aus dem Arbeits- und Betriebsverfassungsrecht<\\\/p>\"}},{\"type\":\"description_list_item\",\"props\":{\"title\":\"2.\",\"content\":\"\n\n<p>Mitbestimmungsrechte und Gestaltungsm\\u00f6glichkeiten f\\u00fcr Betriebsr\\u00e4te bei<br \\\/>Betriebs\\u00e4nderungen im Rahmen von Interessensausgleich und Sozialplan<\\\/p>\"}}]},{\"type\":\"text\",\"props\":{\"margin\":\"default\",\"column_breakpoint\":\"m\",\"content\":\"\n\n<ul>\\n\n\n<li>Betriebs\\u00e4nderungen, Interessenausgleich und Sozialplan<\\\/li>\\n\n\n<li>Betriebsbedingte K\\u00fcndigung<\\\/li>\\n\n\n<li>Massenentlassungen, Anzeigepflicht<\\\/li>\\n\n\n<li>Transfergesellschaft<\\\/li>\\n\n\n<li>Qualifizierungschancengesetz, Weiterbildung<\\\/li>\\n\n\n<li>Kurzarbeit u.a.<\\\/li>\\n<\\\/ul>\\n\n\n<p>Insel Mainau von 10.00 bis ca. 17.00 Uhr<\\\/p>\",\"status\":\"disabled\"}}]},{\"type\":\"column\",\"props\":{\"image_position\":\"center-center\",\"media_overlay_gradient\":\"\",\"width_medium\":\"1-4\"},\"children\":[{\"type\":\"text\",\"props\":{\"margin\":\"default\",\"column_breakpoint\":\"m\",\"content\":\"\n\n<p><strong>Referenten<\\\/strong><\\\/p>\"}},{\"type\":\"text\",\"props\":{\"margin\":\"default\",\"column_breakpoint\":\"m\",\"content\":\"\n\n<p>Unsere Referenten f\\u00fcr Veranstantungen im Jahr 2026 stehen leider noch nicht fest.<\\\/p>\"}},{\"type\":\"panel\",\"props\":{\"link_text\":\"Read more\",\"title_hover_style\":\"reset\",\"title_element\":\"h3\",\"title_align\":\"top\",\"title_grid_width\":\"1-2\",\"title_grid_breakpoint\":\"m\",\"meta_style\":\"meta\",\"meta_align\":\"below-title\",\"content_column_breakpoint\":\"m\",\"icon_width\":80,\"image_align\":\"top\",\"image_grid_width\":\"1-2\",\"image_grid_breakpoint\":\"m\",\"image_svg_color\":\"emphasis\",\"link_style\":\"default\",\"margin\":\"default\",\"content\":\"\n\n<p><strong>Christoph Tillmanns<\\\/strong><br \\\/>Vorsitzender Richter am Landesarbeitsgericht Baden-W\\u00fcrttemberg, Kammern Freiburg<\\\/p>\",\"image\":\"wp-content\\\/uploads\\\/P_Tillmanns.jpg\",\"status\":\"disabled\"}},{\"type\":\"panel\",\"props\":{\"link_text\":\"Read more\",\"title_hover_style\":\"reset\",\"title_element\":\"h3\",\"title_align\":\"top\",\"title_grid_width\":\"1-2\",\"title_grid_breakpoint\":\"m\",\"meta_style\":\"meta\",\"meta_align\":\"below-title\",\"content_column_breakpoint\":\"m\",\"icon_width\":80,\"image_align\":\"top\",\"image_grid_width\":\"1-2\",\"image_grid_breakpoint\":\"m\",\"image_svg_color\":\"emphasis\",\"link_style\":\"default\",\"margin\":\"default\",\"content\":\"\n\n<p><strong>Nico Dmeiri<br \\\/><\\\/strong>Teamleiter Arbeitgeberservice<br \\\/>Agentur f\\u00fcr Arbeit<br \\\/>Konstanz-Ravensburg<\\\/p>\\n\n\n<p>Funktion und Unterst\\u00fctzungsm\\u00f6glichkeiten der<br \\\/>Arbeitsagentur in Krisenzeiten<\\\/p>\",\"image\":\"wp-content\\\/uploads\\\/P_Dmeiri.jpg\",\"status\":\"disabled\"}}]}]}],\"name\":\"Veranstaltung 091123\"}],\"version\":\"2.1.2\"} --><\/p>\n","protected":false},"excerpt":{"rendered":"<p>Arbeitsrecht 2026 16. Oktober 2025 &#8211; Krise und Arbeitsrecht Weitere Informationen in K\u00fcrze Gestaltungsm\u00f6glichkeiten im Rahmen des Arbeitsrecht Themen 1. Aktuelle Entscheidungen aus dem Arbeits- und Betriebsverfassungsrecht 2. Mitbestimmungsrechte und Gestaltungsm\u00f6glichkeiten f\u00fcr Betriebsr\u00e4te beiBetriebs\u00e4nderungen im Rahmen von Interessensausgleich und Sozialplan Betriebs\u00e4nderungen, Interessenausgleich und Sozialplan Betriebsbedingte K\u00fcndigung Massenentlassungen, Anzeigepflicht Transfergesellschaft Qualifizierungschancengesetz, Weiterbildung Kurzarbeit u.a. Insel Mainau [&hellip;]<\/p>\n","protected":false},"author":1,"featured_media":0,"parent":0,"menu_order":0,"comment_status":"closed","ping_status":"closed","template":"","meta":[],"_links":{"self":[{"href":"https:\/\/www.rechtpraktisch.com\/index.php?rest_route=\/wp\/v2\/pages\/231"}],"collection":[{"href":"https:\/\/www.rechtpraktisch.com\/index.php?rest_route=\/wp\/v2\/pages"}],"about":[{"href":"https:\/\/www.rechtpraktisch.com\/index.php?rest_route=\/wp\/v2\/types\/page"}],"author":[{"embeddable":true,"href":"https:\/\/www.rechtpraktisch.com\/index.php?rest_route=\/wp\/v2\/users\/1"}],"replies":[{"embeddable":true,"href":"https:\/\/www.rechtpraktisch.com\/index.php?rest_route=%2Fwp%2Fv2%2Fcomments&post=231"}],"version-history":[{"count":195,"href":"https:\/\/www.rechtpraktisch.com\/index.php?rest_route=\/wp\/v2\/pages\/231\/revisions"}],"predecessor-version":[{"id":2100,"href":"https:\/\/www.rechtpraktisch.com\/index.php?rest_route=\/wp\/v2\/pages\/231\/revisions\/2100"}],"wp:attachment":[{"href":"https:\/\/www.rechtpraktisch.com\/index.php?rest_route=%2Fwp%2Fv2%2Fmedia&parent=231"}],"curies":[{"name":"wp","href":"https:\/\/api.w.org\/{rel}","templated":true}]}}